{"id":3,"date":"2026-01-13T09:02:07","date_gmt":"2026-01-13T09:02:07","guid":{"rendered":"https:\/\/celiaruiz.eu\/?page_id=3"},"modified":"2026-02-03T21:48:00","modified_gmt":"2026-02-03T20:48:00","slug":"privacy-policy","status":"publish","type":"page","link":"https:\/\/celiaruiz.eu\/de\/privacy-policy\/","title":{"rendered":"Datenschutzrichtlinie"},"content":{"rendered":"\n<p><strong>Haftungsausschluss<\/strong><\/p>\n\n\n\n<p class=\"has-primary-color has-white-background-color has-text-color has-background has-link-color wp-elements-93d5da1b44d43902a8e179a0dc2b6620\">Der Autor \u00fcbernimmt keinerlei Gew\u00e4hr hinsichtlich der inhaltlichen Richtigkeit, Genauigkeit, Aktualit\u00e4t, Zuverl\u00e4ssigkeit und Vollst\u00e4ndigkeit der Informationen.<\/p>\n\n\n\n<p class=\"has-primary-color has-white-background-color has-text-color has-background has-link-color wp-elements-b093979291dffef2be728fc335101a9a\">Haftungsanspr\u00fcche wegen Sch\u00e4den, die durch die Nutzung der bereitgestellten Informationen entstehen, auch wenn diese unvollst\u00e4ndig oder fehlerhaft sind, werden daher abgelehnt.<\/p>\n\n\n\n<p class=\"has-primary-color has-white-background-color has-text-color has-background has-link-color wp-elements-905020267ba40ac5460a4fce2481c9f4\">Alle Angebote sind freibleibend. Teile der Seiten oder die gesamte Ver\u00f6ffentlichung einschlie\u00dflich aller Angebote und Informationen k\u00f6nnen vom Autor ohne gesonderte Ank\u00fcndigung erweitert, ver\u00e4ndert oder teilweise oder vollst\u00e4ndig gel\u00f6scht werden.<\/p>\n\n\n\n<p><strong>Haftungsausschluss f\u00fcr Links<\/strong><\/p>\n\n\n\n<p class=\"has-primary-color has-white-background-color has-text-color has-background has-link-color wp-elements-374ae697db8b8bebbe1253e6e9fe8680\">Verweise und Links auf Websites Dritter liegen au\u00dferhalb unseres Verantwortungsbereichs. Jegliche Verantwortung f\u00fcr solche Websites wird abgelehnt. Der Zugriff und die Nutzung solcher Websites erfolgt auf eigenes Risiko des jeweiligen Nutzers.<\/p>\n\n\n\n<p><strong>Urheberrechte<\/strong><\/p>\n\n\n\n<p class=\"has-primary-color has-white-background-color has-text-color has-background has-link-color wp-elements-aba1ec764a279f85d9f04ec0acce3a80\">Die Urheberrechte und alle anderen Rechte an den Inhalten, Bildern, Fotos oder anderen Dateien auf dieser Website liegen ausschlie\u00dflich bei Celia oder den speziell genannten Rechteinhabern. F\u00fcr die Reproduktion jeglicher Elemente ist vorab die schriftliche Zustimmung des Urheberrechtsinhabers einzuholen.<br>Quelle: SwissAnwalt<\/p>\n\n\n\n<p class=\"has-primary-color has-white-background-color has-text-color has-background has-link-color wp-elements-cf002838296b3545ca729ed3b28889a4\"><\/p>\n\n\n\n<p><strong>Allgemeiner Hinweis<\/strong><\/p>\n\n\n\n<p class=\"has-primary-color has-white-background-color has-text-color has-background has-link-color wp-elements-77b1476948337cf95afa556221974f3f\">Gest\u00fctzt auf Artikel 13 der schweizerischen Bundesverfassung und die datenschutzrechtlichen Bestimmungen des Bundes (Datenschutzgesetz, DSG) hat jede Person Anspruch auf Schutz ihrer Privatsph\u00e4re sowie auf Schutz vor Missbrauch ihrer pers\u00f6nlichen Daten. Die Betreiber dieser Seiten nehmen den Schutz Ihrer pers\u00f6nlichen Daten sehr ernst. Wir behandeln Ihre personenbezogenen Daten vertraulich und entsprechend der gesetzlichen Datenschutzvorschriften sowie dieser Datenschutzerkl\u00e4rung.<\/p>\n\n\n\n<p class=\"has-primary-color has-white-background-color has-text-color has-background has-link-color wp-elements-303983dbae85fd6dbbe636057c170811\">In Zusammenarbeit mit unseren Hosting-Providern bem\u00fchen wir uns, die Datenbanken bestm\u00f6glich vor unberechtigtem Zugriff, Verlust, Missbrauch oder vor F\u00e4lschung zu sch\u00fctzen.<\/p>\n\n\n\n<p class=\"has-primary-color has-white-background-color has-text-color has-background has-link-color wp-elements-a0248239759ea5e857ec4e7912e1b22d\">Wir weisen darauf hin, dass die Daten\u00fcbertragung im Internet (z. B. bei der Kommunikation per E-Mail) Sicherheitsl\u00fccken aufweisen kann. Ein vollst\u00e4ndiger Schutz der Daten vor dem Zugriff Dritter ist nicht m\u00f6glich.<\/p>\n\n\n\n<p class=\"has-primary-color has-white-background-color has-text-color has-background has-link-color wp-elements-6420f2769735f7a69c50a78c65c0d4a4\">Durch die Nutzung dieser Website erkl\u00e4ren Sie sich mit der Erhebung, Verarbeitung und Nutzung der Daten gem\u00e4\u00df der nachfolgenden Beschreibung einverstanden. Der Besuch dieser Website ist grunds\u00e4tzlich ohne Registrierung m\u00f6glich. Dabei werden Daten wie beispielsweise aufgerufene Seiten bzw. Namen der abgerufenen Dateien, Datum und Uhrzeit zu statistischen Zwecken auf dem Server gespeichert, ohne dass diese Daten unmittelbar auf Ihre Person bezogen werden. Personenbezogene Daten, insbesondere Name, Anschrift oder E-Mail-Adresse, werden soweit m\u00f6glich auf freiwilliger Basis erhoben. Ohne Ihre Einwilligung werden keine Daten an Dritte weitergegeben.<\/p>\n\n\n\n<p><strong>Verarbeitung personenbezogener Daten<\/strong><\/p>\n\n\n\n<p class=\"has-primary-color has-white-background-color has-text-color has-background has-link-color wp-elements-db8769559e786a7ec703552eb84435e6\">Personenbezogene Daten sind alle Informationen, die sich auf eine bestimmte oder bestimmbare Person beziehen. Eine betroffene Person ist eine Person, \u00fcber die personenbezogene Daten verarbeitet werden. Bearbeiten umfasst jeden Umgang mit personenbezogenen Daten, unabh\u00e4ngig von den eingesetzten Mitteln und Verfahren, insbesondere das Speichern, Offenlegen, Beschaffen, L\u00f6schen, Speichern, Ver\u00e4ndern, Vernichten und Verwenden personenbezogener Daten.<\/p>\n\n\n\n<p class=\"has-primary-color has-white-background-color has-text-color has-background has-link-color wp-elements-db8769559e786a7ec703552eb84435e6\">Personenbezogene Daten sind alle Informationen, die sich auf eine bestimmte oder bestimmbare Person beziehen. Eine betroffene Person ist eine Person, \u00fcber die personenbezogene Daten verarbeitet werden. Bearbeiten umfasst jeden Umgang mit personenbezogenen Daten, unabh\u00e4ngig von den eingesetzten Mitteln und Verfahren, insbesondere das Speichern, Offenlegen, Beschaffen, L\u00f6schen, Speichern, Ver\u00e4ndern, Vernichten und Verwenden personenbezogener Daten.<\/p>\n\n\n\n<p class=\"has-primary-color has-white-background-color has-text-color has-background has-link-color wp-elements-18826938dc3f5526b3fc12b443707d65\">lit. a) Verarbeitung personenbezogener Daten mit Einwilligung der betroffenen Person.<br>lit. b) Verarbeitung personenbezogener Daten zur Erf\u00fcllung eines Vertrages mit der betroffenen Person sowie zur Durchf\u00fchrung entsprechender vorvertraglicher Ma\u00dfnahmen.<br>lit. c) Verarbeitung personenbezogener Daten zur Erf\u00fcllung einer rechtlichen Verpflichtung, der wir nach geltendem Recht der EU oder nach geltendem Recht eines Landes unterliegen, in dem die DSGVO ganz oder teilweise anwendbar ist.<br>lit. d) Verarbeitung personenbezogener Daten zum Schutz lebenswichtiger Interessen der betroffenen Person oder einer anderen nat\u00fcrlichen Person.<br>lit. f) Verarbeitung personenbezogener Daten zur Wahrung berechtigter Interessen von uns oder Dritten, sofern nicht die Grundfreiheiten, Rechte und Interessen des Betroffenen \u00fcberwiegen. Zu den berechtigten Interessen z\u00e4hlen insbesondere unser gesch\u00e4ftliches Interesse an der Bereitstellung unserer Website, die Informationssicherheit, die Durchsetzung eigener Rechtsanspr\u00fcche sowie die Einhaltung des schweizerischen Rechts.<br>Wir verarbeiten personenbezogene Daten f\u00fcr die Dauer, die f\u00fcr den jeweiligen Zweck bzw. die jeweiligen Zwecke erforderlich ist. Bei l\u00e4ngerfristigen Aufbewahrungspflichten aufgrund gesetzlicher und sonstiger Pflichten, denen wir unterliegen, schr\u00e4nken wir die Verarbeitung entsprechend ein.<\/p>\n\n\n\n<p class=\"has-primary-color has-white-background-color has-text-color has-background has-link-color wp-elements-cf002838296b3545ca729ed3b28889a4\"><\/p>\n\n\n\n<p><strong>Datenschutzrichtlinie f\u00fcr Cookies<\/strong><\/p>\n\n\n\n<p class=\"has-primary-color has-white-background-color has-text-color has-background has-link-color wp-elements-bdf97af34a1a097a44aa96bd58b6b546\">Diese Website verwendet Cookies. Dabei handelt es sich um kleine Textdateien, die es erm\u00f6glichen, auf dem Endger\u00e4t des Nutzers spezifische, auf den Nutzer bezogene Informationen zu speichern, w\u00e4hrend er die Website nutzt. Cookies erm\u00f6glichen es insbesondere, Nutzungsh\u00e4ufigkeit und Nutzeranzahl der Seiten zu ermitteln, Verhaltensweisen der Seitennutzung zu analysieren, aber auch unser Angebot kundenfreundlicher zu gestalten. Cookies bleiben \u00fcber das Ende einer Browser-Sitzung hinaus gespeichert und k\u00f6nnen bei einem erneuten Besuch der Seite wieder aufgerufen werden. Wenn Sie dies nicht w\u00fcnschen, sollten Sie Ihren Internetbrowser so einstellen, dass er die Annahme von Cookies verweigert.<\/p>\n\n\n\n<p class=\"has-primary-color has-white-background-color has-text-color has-background has-link-color wp-elements-77023d5b8c1a41974672a8b506fc944b\">Ein genereller Widerspruch gegen den Einsatz der zu Zwecken des Onlinemarketings eingesetzten Cookies kann bei einer Vielzahl der Dienste, insbesondere im Fall des Trackings, \u00fcber die US-amerikanische Seite http:\/\/www.aboutads.info\/choices\/ oder die EU-Seite http:\/\/www.youronlinechoices.com\/ erkl\u00e4rt werden. Dar\u00fcber hinaus kann die Speicherung von Cookies dadurch erreicht werden, dass Sie diese in den Browsereinstellungen deaktivieren. Bitte beachten Sie, dass in diesem Fall nicht s\u00e4mtliche Funktionen dieses Onlineangebotes genutzt werden k\u00f6nnen.<\/p>\n\n\n\n<p><\/p>\n\n\n\n<p><\/p>\n","protected":false},"excerpt":{"rendered":"<p>Haftungsausschluss Der Autor \u00fcbernimmt keinerlei Gew\u00e4hr hinsichtlich der inhaltlichen Richtigkeit, Genauigkeit, Aktualit\u00e4t, Zuverl\u00e4ssigkeit und Vollst\u00e4ndigkeit der Informationen. Haftungsanspr\u00fcche wegen Sch\u00e4den, die durch die Nutzung der bereitgestellten Informationen entstehen, auch wenn diese unvollst\u00e4ndig oder fehlerhaft sind, werden daher abgelehnt. Alle Angebote sind freibleibend. Teile der Seiten oder die gesamte Ver\u00f6ffentlichung einschlie\u00dflich aller Angebote und Informationen k\u00f6nnen &hellip; <\/p>\n<p class=\"link-more\"><a href=\"https:\/\/celiaruiz.eu\/de\/privacy-policy\/\" class=\"more-link\">Read more<span class=\"screen-reader-text\"> &#8220;Datenschutzrichtlinie&#8221;<\/span><\/a><\/p>\n","protected":false},"author":1,"featured_media":0,"parent":0,"menu_order":0,"comment_status":"closed","ping_status":"open","template":"","meta":{"footnotes":""},"class_list":["post-3","page","type-page","status-publish","hentry"],"_links":{"self":[{"href":"https:\/\/celiaruiz.eu\/de\/wp-json\/wp\/v2\/pages\/3","targetHints":{"allow":["GET"]}}],"collection":[{"href":"https:\/\/celiaruiz.eu\/de\/wp-json\/wp\/v2\/pages"}],"about":[{"href":"https:\/\/celiaruiz.eu\/de\/wp-json\/wp\/v2\/types\/page"}],"author":[{"embeddable":true,"href":"https:\/\/celiaruiz.eu\/de\/wp-json\/wp\/v2\/users\/1"}],"replies":[{"embeddable":true,"href":"https:\/\/celiaruiz.eu\/de\/wp-json\/wp\/v2\/comments?post=3"}],"version-history":[{"count":12,"href":"https:\/\/celiaruiz.eu\/de\/wp-json\/wp\/v2\/pages\/3\/revisions"}],"predecessor-version":[{"id":287,"href":"https:\/\/celiaruiz.eu\/de\/wp-json\/wp\/v2\/pages\/3\/revisions\/287"}],"wp:attachment":[{"href":"https:\/\/celiaruiz.eu\/de\/wp-json\/wp\/v2\/media?parent=3"}],"curies":[{"name":"wp","href":"https:\/\/api.w.org\/{rel}","templated":true}]}}