{"id":39,"date":"2026-01-13T14:02:33","date_gmt":"2026-01-13T13:02:33","guid":{"rendered":"https:\/\/celiaruiz.eu\/?page_id=39"},"modified":"2026-02-03T21:26:03","modified_gmt":"2026-02-03T20:26:03","slug":"about-me","status":"publish","type":"page","link":"https:\/\/celiaruiz.eu\/de\/about-me\/","title":{"rendered":"\u00dcber mich"},"content":{"rendered":"\n<div class=\"wp-block-columns is-layout-flex wp-container-core-columns-is-layout-28f84493 wp-block-columns-is-layout-flex\">\n<div class=\"wp-block-column is-layout-flow wp-block-column-is-layout-flow\">\n<figure class=\"wp-block-image alignleft size-large is-resized\"><img loading=\"lazy\" decoding=\"async\" width=\"1024\" height=\"820\" src=\"https:\/\/celiaruiz.eu\/wp-content\/uploads\/2026\/01\/D80E97D5-6EFC-43A3-8B9C-47AA577220C9-5-1024x820.jpeg\" alt=\"\" class=\"wp-image-59\" style=\"aspect-ratio:1.2488352798519369;width:346px;height:auto\" srcset=\"https:\/\/celiaruiz.eu\/wp-content\/uploads\/2026\/01\/D80E97D5-6EFC-43A3-8B9C-47AA577220C9-5-1024x820.jpeg 1024w, https:\/\/celiaruiz.eu\/wp-content\/uploads\/2026\/01\/D80E97D5-6EFC-43A3-8B9C-47AA577220C9-5-300x240.jpeg 300w, https:\/\/celiaruiz.eu\/wp-content\/uploads\/2026\/01\/D80E97D5-6EFC-43A3-8B9C-47AA577220C9-5-2000x1602.jpeg 2000w\" sizes=\"auto, (max-width: 1024px) 100vw, 1024px\" \/><\/figure>\n<\/div>\n\n\n\n<div class=\"wp-block-column is-vertically-aligned-center is-layout-flow wp-block-column-is-layout-flow\">\n<p class=\"has-text-align-left has-primary-color has-white-background-color has-text-color has-background has-link-color wp-elements-8d0061bd806e056535b949a1ee95eeee\">Celia Ruiz wurde 2005 in Spanien geboren. Sie begann ihre musikalische Karriere in jungen Jahren, studierte ihren Bachelor in Spanien und zog dann im Alter von 16 Jahren nach \u00d6sterreich, um ihr Studium an der Universit\u00e4t Mozarteum in Salzburg fortzusetzen. Derzeit absolviert sie ihr Masterstudium in Performance an der Z\u00fcrcher Hochschule der K\u00fcnste in Z\u00fcrich.<\/p>\n<\/div>\n<\/div>\n\n\n\n<div class=\"wp-block-cover alignfull\"><img loading=\"lazy\" decoding=\"async\" width=\"1024\" height=\"990\" class=\"wp-block-cover__image-background wp-image-51 size-large\" alt=\"\" src=\"https:\/\/celiaruiz.eu\/wp-content\/uploads\/2026\/01\/80C8A43C-A82D-4EE7-984C-AE72DC18089C-4-1024x990.jpeg\" style=\"object-position:31% 9%\" data-object-fit=\"cover\" data-object-position=\"31% 9%\" srcset=\"https:\/\/celiaruiz.eu\/wp-content\/uploads\/2026\/01\/80C8A43C-A82D-4EE7-984C-AE72DC18089C-4-1024x990.jpeg 1024w, https:\/\/celiaruiz.eu\/wp-content\/uploads\/2026\/01\/80C8A43C-A82D-4EE7-984C-AE72DC18089C-4-300x290.jpeg 300w, https:\/\/celiaruiz.eu\/wp-content\/uploads\/2026\/01\/80C8A43C-A82D-4EE7-984C-AE72DC18089C-4.jpeg 1674w\" sizes=\"auto, (max-width: 1024px) 100vw, 1024px\" \/><span aria-hidden=\"true\" class=\"wp-block-cover__background has-background-dim\"><\/span><div class=\"wp-block-cover__inner-container is-layout-flow wp-block-cover-is-layout-flow\">\n<p class=\"has-text-align-center has-medium-font-size\">Celia Ruiz ist eine spanische Cellistin, die derzeit als Master-Performance-Studentin an der Z\u00fcrcher Hochschule der K\u00fcnste aktiv ist und als Cellok\u00fcnstlerin auftritt.<br>Ihr Ziel ist es, die in jeder Komposition eingefangenen Emotionen zu \u00fcbertragen; eines ihrer Hauptziele ist es, durch diese so sch\u00f6ne Kunst, die Musik, mit Menschen zu kommunizieren.<\/p>\n<\/div><\/div>\n\n\n\n<p class=\"has-x-large-font-size\">Performances <\/p>\n\n\n\n<figure class=\"wp-block-embed is-type-video is-provider-youtube wp-block-embed-youtube wp-embed-aspect-16-9 wp-has-aspect-ratio\"><div class=\"wp-block-embed__wrapper\">\n<iframe loading=\"lazy\" title=\"Pezzo Caprichoso, Popper Competition 2025\" width=\"950\" height=\"534\" src=\"https:\/\/www.youtube.com\/embed\/Ma503ljnc6I?feature=oembed\" frameborder=\"0\" allow=\"accelerometer; autoplay; clipboard-write; encrypted-media; gyroscope; picture-in-picture; web-share\" referrerpolicy=\"strict-origin-when-cross-origin\" allowfullscreen><\/iframe>\n<\/div><\/figure>\n\n\n\n<p><\/p>\n\n\n\n<p><\/p>\n\n\n\n<p class=\"has-large-font-size\">Biographie<\/p>\n\n\n\n<p class=\"has-primary-color has-white-background-color has-text-color has-background has-link-color wp-elements-45815987aaf811b7ad58d94a4753c63c\">Celia Ruiz Bermudo wurde 2005 in Spanien geboren. Im Alter von sieben Jahren begann sie ihr Musikstudium am Konservatorium von M\u00e9rida und schloss 2018 ihre professionellen Studien im Violoncello mit einer Auszeichnung ab.<\/p>\n\n\n\n<p class=\"has-primary-color has-white-background-color has-text-color has-background has-link-color wp-elements-560beacb9c3fb50f398de17f242c67a1\">Mit 13 Jahren trat sie in das Superior-Konservatorium von Badajoz ein und beendete diese Studien 2022 mit einer Ehrung. Ihr Bachelor-Studium an der Mozarteum Universit\u00e4t Salzburg bei Enrico Bronzi schloss sie 2024 ab und studiert derzeit einen Master in Musikperformance in der Klasse von Thomas Grossenbacher an der ZHdK.<br>Celia erhielt Meisterkurse von \u00c1lvaro Campos, Josep Mart\u00ednez Reinoso, Javier Albar\u00e9s, Suzana Stefanovic, Lluis Claret, Daniel Grosgurin, Asier Polo, Marc Coppey, Fernando Arias, Beatriz Blanco, Ericca Wise, Gary Hoffman, Sebastian Klinger, Amit Peled, Gautier Capu\u00e7on, Jerome Pernoo, Pablo Ferr\u00e1ndez, Wen Sing Yan, Kian Soltani, Thomas Grossenbacher, Ivan Monighetti, Enrico Dindo, Frans Helmerson, Jeroen Reuling und David Geringas. F\u00fcnf Jahre lang erhielt sie regelm\u00e4\u00dfig Meisterkurse von Mar\u00eda de Macedo und in den folgenden zwei Jahren von Mikolaj Konopelski (au\u00dferordentlicher Professor an der Reina Sof\u00eda Schule). Celia ist au\u00dferdem Stipendiatin der Musikakademie in Liechtenstein und nimmt an den Intensivwochen und Aktivit\u00e4ten dort teil.<br>Celia war die Gewinnerin des &#8220;International Young Promises Cello Competition Jaime Dobato Benavente&#8221;, des &#8220;Intercentros Mel\u00f3mano Competition&#8221;, des &#8220;CelloLe\u00f3n Competition&#8221; und des &#8220;Young Musicians of Extremadura Contest&#8221; sowie des Sonderpreises f\u00fcr Solisten mit der OEX, des &#8220;City of Vigo String Competition&#8221;, des &#8220;Llanes International Cello Competition&#8221;, des \u00c1ccesit Galimusic im Festival Ribeira Sacra und des &#8220;Villa de Molina Competition&#8221;. Sie gewann den Sonderpreis als Junge Hoffnung im &#8220;Dotzauer Competition&#8221; im Alter von 14 Jahren und war im gleichen Alter Finalistin im &#8220;Janigro Competition&#8221;. Sie gewann den dritten Preis im Popper International Competition 2025.<br>Celia gab ihr Orchesterdeb\u00fct im Alter von 14 Jahren und trat im M\u00e9rida Conference Center und im Carolina Coronado Theater in Almendralejo mit dem Orchester von Extremadura auf, wobei sie das Violoncellokonzert Nr. 1 in a-Moll von Saint-Sa\u00ebns interpretierte. Sie trat im r\u00f6mischen Theater in M\u00e9rida mit dem Jugendorchester von Extremadura, beim Segovia Festival und als Finalistin in Zagreb (Kroatien) auf.<br>Sie nahm an den TVE-Programmen Virtuosos und Prodigios teil und wurde im Alter von 14 Jahren f\u00fcr die Pr\u00fcfung in der Exzellenzklasse von Gautier Capu\u00e7on ausgew\u00e4hlt. 2020 erhielt sie ein Stipendium von Amit Peled f\u00fcr Sommerstudien an der University of Baltimore sowie ein Stipendium f\u00fcr die Teilnahme an den Kursen &#8220;Youth Classics&#8221; (2022, 2023 und 2025) in Rheinau (Schweiz) in der Klasse von Thomas Grossenbacher. Sie wurde auch als aktive Studentin ausgew\u00e4hlt, um an der Pavia Cello Academy (2023\/24) mit Enrico Dindo, Asier Polo, Jens Peter Maintz und David Geringas teilzunehmen.<br>Celia ist Stipendiatin der Lyra, Elsy Meyer, Geer und Lore, Bruno, ZHdK, Zangger Weber, Giuliana und Stefanini, Caja Almendralejo und der CH Stiftung. Sie spielt ein Violoncello von Ragnar Hayn.<\/p>\n\n\n\n<p><\/p>\n","protected":false},"excerpt":{"rendered":"<p>Celia Ruiz wurde 2005 in Spanien geboren. Sie begann ihre musikalische Karriere in jungen Jahren, studierte ihren Bachelor in Spanien und zog dann im Alter von 16 Jahren nach \u00d6sterreich, um ihr Studium an der Universit\u00e4t Mozarteum in Salzburg fortzusetzen. Derzeit absolviert sie ihr Masterstudium in Performance an der Z\u00fcrcher Hochschule der K\u00fcnste in Z\u00fcrich. &hellip; <\/p>\n<p class=\"link-more\"><a href=\"https:\/\/celiaruiz.eu\/de\/about-me\/\" class=\"more-link\">Read more<span class=\"screen-reader-text\"> &#8220;\u00dcber mich&#8221;<\/span><\/a><\/p>\n","protected":false},"author":1,"featured_media":0,"parent":0,"menu_order":0,"comment_status":"closed","ping_status":"closed","template":"","meta":{"footnotes":""},"class_list":["post-39","page","type-page","status-publish","hentry"],"_links":{"self":[{"href":"https:\/\/celiaruiz.eu\/de\/wp-json\/wp\/v2\/pages\/39","targetHints":{"allow":["GET"]}}],"collection":[{"href":"https:\/\/celiaruiz.eu\/de\/wp-json\/wp\/v2\/pages"}],"about":[{"href":"https:\/\/celiaruiz.eu\/de\/wp-json\/wp\/v2\/types\/page"}],"author":[{"embeddable":true,"href":"https:\/\/celiaruiz.eu\/de\/wp-json\/wp\/v2\/users\/1"}],"replies":[{"embeddable":true,"href":"https:\/\/celiaruiz.eu\/de\/wp-json\/wp\/v2\/comments?post=39"}],"version-history":[{"count":37,"href":"https:\/\/celiaruiz.eu\/de\/wp-json\/wp\/v2\/pages\/39\/revisions"}],"predecessor-version":[{"id":276,"href":"https:\/\/celiaruiz.eu\/de\/wp-json\/wp\/v2\/pages\/39\/revisions\/276"}],"wp:attachment":[{"href":"https:\/\/celiaruiz.eu\/de\/wp-json\/wp\/v2\/media?parent=39"}],"curies":[{"name":"wp","href":"https:\/\/api.w.org\/{rel}","templated":true}]}}