{"id":163,"date":"2026-01-14T23:21:59","date_gmt":"2026-01-14T22:21:59","guid":{"rendered":"https:\/\/celiaruiz.eu\/?page_id=163"},"modified":"2026-02-03T21:51:14","modified_gmt":"2026-02-03T20:51:14","slug":"projects","status":"publish","type":"page","link":"https:\/\/celiaruiz.eu\/es\/projects\/","title":{"rendered":"Proyectos"},"content":{"rendered":"\n<p class=\"has-primary-color has-white-background-color has-text-color has-background has-link-color wp-elements-2d7032fe5442d2fa68900ff05f80f1bb\">A lo largo de su carrera musical, Celia ha tenido una rica variedad de proyectos en los que ha participado.<\/p>\n\n\n\n<p class=\"has-primary-color has-white-background-color has-text-color has-background has-link-color wp-elements-15249d854cea291eaf5b14c80cfe86a9\">Habiendo recibido lecciones de muchos de los grandes violonchelistas a los que admira, ha asistido a masterclasses de profesores como \u00c1lvaro Campos, Kian Soltani y Jeroen Reuling en Espa\u00f1a, Liechtenstein y Francia, entre otros.<\/p>\n\n\n\n<p class=\"has-primary-color has-white-background-color has-text-color has-background has-link-color wp-elements-58ead1666dbd7a96066457e40bea59ef\">Creciendo como m\u00fasica, tambi\u00e9n particip\u00f3 en varios concursos tanto en Espa\u00f1a como en Hungr\u00eda y otros lugares, actuando a trav\u00e9s de la comunicaci\u00f3n de aquello que pretend\u00eda transmitir en cada uno de ellos.<\/p>\n\n\n\n<p class=\"has-primary-color has-white-background-color has-text-color has-background has-link-color wp-elements-d9f00cec1c577f5d43c4f6070f2dd9cc\">Programas de televisi\u00f3n en los que tambi\u00e9n ha participado han sido algunos como Los Virtuosos y Prodigios, recompens\u00e1ndola con experiencias musicales y la oportunidad de volver a hacer lo que hace que todo valga la pena, compartir su m\u00fasica con el mundo.<\/p>\n\n\n\n<figure class=\"wp-block-image size-large\"><img loading=\"lazy\" decoding=\"async\" width=\"944\" height=\"1024\" src=\"https:\/\/celiaruiz.eu\/wp-content\/uploads\/2026\/01\/IMG_0646-2-944x1024.jpeg\" alt=\"\" class=\"wp-image-58\" srcset=\"https:\/\/celiaruiz.eu\/wp-content\/uploads\/2026\/01\/IMG_0646-2-944x1024.jpeg 944w, https:\/\/celiaruiz.eu\/wp-content\/uploads\/2026\/01\/IMG_0646-2-277x300.jpeg 277w, https:\/\/celiaruiz.eu\/wp-content\/uploads\/2026\/01\/IMG_0646-2.jpeg 1789w\" sizes=\"auto, (max-width: 944px) 100vw, 944px\" \/><\/figure>\n","protected":false},"excerpt":{"rendered":"<p>A lo largo de su carrera musical, Celia ha tenido una rica variedad de proyectos en los que ha participado. Habiendo recibido lecciones de muchos de los grandes violonchelistas a los que admira, ha asistido a masterclasses de profesores como \u00c1lvaro Campos, Kian Soltani y Jeroen Reuling en Espa\u00f1a, Liechtenstein y Francia, entre otros. Creciendo &hellip; <\/p>\n<p class=\"link-more\"><a href=\"https:\/\/celiaruiz.eu\/es\/projects\/\" class=\"more-link\">Leer m\u00e1s<span class=\"screen-reader-text\"> \u00abProyectos\u00bb<\/span><\/a><\/p>\n","protected":false},"author":1,"featured_media":0,"parent":0,"menu_order":0,"comment_status":"closed","ping_status":"closed","template":"","meta":{"footnotes":""},"class_list":["post-163","page","type-page","status-publish","hentry"],"_links":{"self":[{"href":"https:\/\/celiaruiz.eu\/es\/wp-json\/wp\/v2\/pages\/163","targetHints":{"allow":["GET"]}}],"collection":[{"href":"https:\/\/celiaruiz.eu\/es\/wp-json\/wp\/v2\/pages"}],"about":[{"href":"https:\/\/celiaruiz.eu\/es\/wp-json\/wp\/v2\/types\/page"}],"author":[{"embeddable":true,"href":"https:\/\/celiaruiz.eu\/es\/wp-json\/wp\/v2\/users\/1"}],"replies":[{"embeddable":true,"href":"https:\/\/celiaruiz.eu\/es\/wp-json\/wp\/v2\/comments?post=163"}],"version-history":[{"count":13,"href":"https:\/\/celiaruiz.eu\/es\/wp-json\/wp\/v2\/pages\/163\/revisions"}],"predecessor-version":[{"id":291,"href":"https:\/\/celiaruiz.eu\/es\/wp-json\/wp\/v2\/pages\/163\/revisions\/291"}],"wp:attachment":[{"href":"https:\/\/celiaruiz.eu\/es\/wp-json\/wp\/v2\/media?parent=163"}],"curies":[{"name":"wp","href":"https:\/\/api.w.org\/{rel}","templated":true}]}}