{"id":17,"date":"2026-01-13T11:12:02","date_gmt":"2026-01-13T10:12:02","guid":{"rendered":"https:\/\/celiaruiz.eu\/?page_id=17"},"modified":"2026-02-17T20:34:32","modified_gmt":"2026-02-17T19:34:32","slug":"homepage","status":"publish","type":"page","link":"https:\/\/celiaruiz.eu\/es\/","title":{"rendered":"P\u00e1gina principal"},"content":{"rendered":"\n<div class=\"wp-block-cover alignfull is-light\" style=\"min-height:869px;aspect-ratio:unset;\"><img loading=\"lazy\" decoding=\"async\" width=\"1789\" height=\"1940\" class=\"wp-block-cover__image-background wp-image-58\" alt=\"\" src=\"https:\/\/celiaruiz.eu\/wp-content\/uploads\/2026\/01\/IMG_0646-2.jpeg\" style=\"object-position:46% 2%\" data-object-fit=\"cover\" data-object-position=\"46% 2%\" srcset=\"https:\/\/celiaruiz.eu\/wp-content\/uploads\/2026\/01\/IMG_0646-2.jpeg 1789w, https:\/\/celiaruiz.eu\/wp-content\/uploads\/2026\/01\/IMG_0646-2-277x300.jpeg 277w, https:\/\/celiaruiz.eu\/wp-content\/uploads\/2026\/01\/IMG_0646-2-944x1024.jpeg 944w\" sizes=\"auto, (max-width: 1789px) 100vw, 1789px\" \/><span aria-hidden=\"true\" class=\"wp-block-cover__background has-background-dim-20 has-background-dim\" style=\"background-color:#8f8f8f\"><\/span><div class=\"wp-block-cover__inner-container has-global-padding is-layout-constrained wp-block-cover-is-layout-constrained\">\n<p class=\"has-text-align-center has-white-color has-text-color has-max-60-font-size\" style=\"font-style:normal;font-weight:900;line-height:0.3\">Celia Ruiz Bermudo<\/p>\n\n\n\n<p><\/p>\n\n\n\n<p class=\"has-text-align-center has-white-color has-text-color has-medium-font-size\">\u201cLa m\u00fasica\u201d, dijo, \u201cno era la parte m\u00e1s importante de su vida, es la vida\u201d<\/p>\n\n\n\n<p class=\"has-text-align-center has-white-color has-text-color has-link-color wp-elements-1b8d248fd048e2317117e7c1cf673934\">Citado del libro \u201cJacqueline du Pr\u00e9: una vida\u201d de Carol Easton<\/p>\n\n\n\n<p><\/p>\n\n\n\n<div style=\"height:55px\" aria-hidden=\"true\" class=\"wp-block-spacer\"><\/div>\n\n\n\n<div class=\"wp-block-buttons is-content-justification-center is-layout-flex wp-container-core-buttons-is-layout-a89b3969 wp-block-buttons-is-layout-flex\"><\/div>\n<\/div><\/div>\n\n\n\n<div class=\"wp-block-group has-global-padding is-layout-constrained wp-block-group-is-layout-constrained\">\n<div style=\"height:57px\" aria-hidden=\"true\" class=\"wp-block-spacer\"><\/div>\n\n\n\n<h2 class=\"wp-block-heading has-text-align-center has-medium-font-size\" style=\"letter-spacing:1px\">P\u00e1gina principal <\/h2>\n\n\n\n<div class=\"wp-block-group has-secondary-background-color has-background has-global-padding is-layout-constrained wp-block-group-is-layout-constrained\">\n<p class=\"has-text-align-center has-background-color has-secondary-background-color has-text-color has-background has-link-color wp-elements-a5f40baa61c54fd8cc3dde9d85007b14\">Bienvenidos a mi sitio web, aqu\u00ed podr\u00e1s encontrar toda la informaci\u00f3n sobre mi biograf\u00eda,<\/p>\n\n\n\n<p class=\"has-text-align-center has-white-color has-secondary-background-color has-text-color has-background has-link-color wp-elements-14a3564efd6754028f6eda07ad213f5a\">estudios, conciertos y grabaciones entre otros. Si\u00e9ntase c\u00f3modo en comunicarse para hacer cualquier pregunta que pueda tener.<\/p>\n<\/div>\n<\/div>\n\n\n\n<p><\/p>\n\n\n\n<div class=\"wp-block-group has-global-padding is-layout-constrained wp-block-group-is-layout-constrained\">\n<div class=\"wp-block-buttons is-horizontal is-content-justification-center is-layout-flex wp-container-core-buttons-is-layout-03627597 wp-block-buttons-is-layout-flex\">\n<div class=\"wp-block-button is-style-outline is-style-outline--1\"><a class=\"wp-block-button__link has-small-font-size has-custom-font-size wp-element-button\" href=\"https:\/\/www.instagram.com\/celiacellist?igsh=MWx6em5pdHh2cXBobQ%3D%3D&#038;utm_source=qr\" style=\"border-radius:0px\">Instagram <\/a><\/div>\n<\/div>\n\n\n\n<div style=\"height:57px\" aria-hidden=\"true\" class=\"wp-block-spacer\"><\/div>\n<\/div>\n\n\n\n<div id=\"services\" class=\"wp-block-group alignfull pattern_multiple_covers has-background has-global-padding is-layout-constrained wp-block-group-is-layout-constrained\">\n<div style=\"height:84px\" aria-hidden=\"true\" class=\"wp-block-spacer\"><\/div>\n\n\n\n<h2 class=\"wp-block-heading has-text-align-left\">Grabaciones <\/h2>\n\n\n\n<p class=\"has-text-align-left has-lightgrey-background-color has-background\">Los siguientes v\u00eddeos que se muestran son algunas de las grabaciones que he realizado recientemente con algunos de los grandes m\u00fasicos con los que he podido tocar, como Yoshiko Iwai, que grab\u00f3 la tercera sonata de Beethoven en la Z\u00fcrcher Hochschule der K\u00fcnste.<\/p>\n\n\n\n<div style=\"height:46px\" aria-hidden=\"true\" class=\"wp-block-spacer\"><\/div>\n\n\n\n<div class=\"wp-block-columns is-layout-flex wp-container-core-columns-is-layout-28f84493 wp-block-columns-is-layout-flex\">\n<div class=\"wp-block-column is-layout-flow wp-block-column-is-layout-flow\" style=\"padding-top:0;padding-right:0;padding-bottom:0;padding-left:0\">\n<figure class=\"wp-block-embed is-type-video is-provider-youtube wp-block-embed-youtube wp-embed-aspect-16-9 wp-has-aspect-ratio\"><div class=\"wp-block-embed__wrapper\">\n<iframe loading=\"lazy\" title=\"Elgar: Cello Concerto in E minor, Op. 85: 1. Adagio; Moderato\" width=\"950\" height=\"534\" src=\"https:\/\/www.youtube.com\/embed\/TgdTaILmlqs?feature=oembed\" frameborder=\"0\" allow=\"accelerometer; autoplay; clipboard-write; encrypted-media; gyroscope; picture-in-picture; web-share\" referrerpolicy=\"strict-origin-when-cross-origin\" allowfullscreen><\/iframe>\n<\/div><\/figure>\n<\/div>\n\n\n\n<div class=\"wp-block-column is-layout-flow wp-block-column-is-layout-flow\" style=\"padding-top:0;padding-right:0;padding-bottom:0;padding-left:0\">\n<figure class=\"wp-block-embed is-type-video is-provider-youtube wp-block-embed-youtube wp-embed-aspect-16-9 wp-has-aspect-ratio\"><div class=\"wp-block-embed__wrapper\">\n<iframe loading=\"lazy\" title=\"Elgar: Cello Concerto in E minor, Op. 85: 2. Lento; Allegro molto\" width=\"950\" height=\"534\" src=\"https:\/\/www.youtube.com\/embed\/w1mpRRHXSs4?feature=oembed\" frameborder=\"0\" allow=\"accelerometer; autoplay; clipboard-write; encrypted-media; gyroscope; picture-in-picture; web-share\" referrerpolicy=\"strict-origin-when-cross-origin\" allowfullscreen><\/iframe>\n<\/div><\/figure>\n<\/div>\n\n\n\n<div class=\"wp-block-column is-layout-flow wp-block-column-is-layout-flow\" style=\"padding-top:0;padding-right:0;padding-bottom:0;padding-left:0\">\n<figure class=\"wp-block-embed is-type-video is-provider-youtube wp-block-embed-youtube wp-embed-aspect-16-9 wp-has-aspect-ratio\"><div class=\"wp-block-embed__wrapper\">\n<iframe loading=\"lazy\" title=\"Beethoven sonata 3 mov III\" width=\"950\" height=\"534\" src=\"https:\/\/www.youtube.com\/embed\/47dIUjrtFRM?feature=oembed\" frameborder=\"0\" allow=\"accelerometer; autoplay; clipboard-write; encrypted-media; gyroscope; picture-in-picture; web-share\" referrerpolicy=\"strict-origin-when-cross-origin\" allowfullscreen><\/iframe>\n<\/div><\/figure>\n<\/div>\n<\/div>\n\n\n\n<div style=\"height:103px\" aria-hidden=\"true\" class=\"wp-block-spacer\"><\/div>\n<\/div>\n\n\n\n<div id=\"team\" class=\"wp-block-group has-global-padding is-layout-constrained wp-block-group-is-layout-constrained\">\n<div class=\"wp-block-group is-layout-flow wp-block-group-is-layout-flow\">\n<div style=\"height:74px\" aria-hidden=\"true\" class=\"wp-block-spacer\"><\/div>\n\n\n\n<div style=\"height:27px\" aria-hidden=\"true\" class=\"wp-block-spacer\"><\/div>\n\n\n\n<div style=\"height:63px\" aria-hidden=\"true\" class=\"wp-block-spacer\"><\/div>\n\n\n\n<div class=\"wp-block-buttons is-content-justification-center is-layout-flex wp-container-core-buttons-is-layout-a89b3969 wp-block-buttons-is-layout-flex\">\n<div class=\"wp-block-button\"><a class=\"wp-block-button__link wp-element-button\">Eventos<\/a><\/div>\n<\/div>\n<\/div>\n<\/div>\n\n\n\n<div id=\"news\" class=\"wp-block-group has-global-padding is-layout-constrained wp-block-group-is-layout-constrained\"><a class=\"wp-block-read-more\" href=\"https:\/\/celiaruiz.eu\/es\/\" target=\"_self\">No hay eventos pr\u00f3ximos en este momento<span class=\"screen-reader-text\">: P\u00e1gina principal<\/span><\/a><\/div>\n\n\n\n<p><\/p>\n\n\n\n<p><\/p>\n","protected":false},"excerpt":{"rendered":"<p>P\u00e1gina principal Bienvenidos a mi sitio web, aqu\u00ed podr\u00e1s encontrar toda la informaci\u00f3n sobre mi biograf\u00eda, estudios, conciertos y grabaciones entre otros. Si\u00e9ntase c\u00f3modo en comunicarse para hacer cualquier pregunta que pueda tener. Grabaciones Los siguientes v\u00eddeos que se muestran son algunas de las grabaciones que he realizado recientemente con algunos de los grandes m\u00fasicos &hellip; <\/p>\n<p class=\"link-more\"><a href=\"https:\/\/celiaruiz.eu\/es\/\" class=\"more-link\">Leer m\u00e1s<span class=\"screen-reader-text\"> \u00abP\u00e1gina principal\u00bb<\/span><\/a><\/p>\n","protected":false},"author":1,"featured_media":0,"parent":0,"menu_order":0,"comment_status":"closed","ping_status":"closed","template":"page-templates\/homepage-builder-bb.php","meta":{"footnotes":""},"class_list":["post-17","page","type-page","status-publish","hentry"],"_links":{"self":[{"href":"https:\/\/celiaruiz.eu\/es\/wp-json\/wp\/v2\/pages\/17","targetHints":{"allow":["GET"]}}],"collection":[{"href":"https:\/\/celiaruiz.eu\/es\/wp-json\/wp\/v2\/pages"}],"about":[{"href":"https:\/\/celiaruiz.eu\/es\/wp-json\/wp\/v2\/types\/page"}],"author":[{"embeddable":true,"href":"https:\/\/celiaruiz.eu\/es\/wp-json\/wp\/v2\/users\/1"}],"replies":[{"embeddable":true,"href":"https:\/\/celiaruiz.eu\/es\/wp-json\/wp\/v2\/comments?post=17"}],"version-history":[{"count":33,"href":"https:\/\/celiaruiz.eu\/es\/wp-json\/wp\/v2\/pages\/17\/revisions"}],"predecessor-version":[{"id":299,"href":"https:\/\/celiaruiz.eu\/es\/wp-json\/wp\/v2\/pages\/17\/revisions\/299"}],"wp:attachment":[{"href":"https:\/\/celiaruiz.eu\/es\/wp-json\/wp\/v2\/media?parent=17"}],"curies":[{"name":"wp","href":"https:\/\/api.w.org\/{rel}","templated":true}]}}