{"id":19,"date":"2026-01-13T11:12:02","date_gmt":"2026-01-13T10:12:02","guid":{"rendered":"https:\/\/celiaruiz.eu\/?page_id=19"},"modified":"2026-02-03T21:29:58","modified_gmt":"2026-02-03T20:29:58","slug":"contact-2","status":"publish","type":"page","link":"https:\/\/celiaruiz.eu\/es\/contact-2\/","title":{"rendered":"Contacto"},"content":{"rendered":"\n<div class=\"wp-block-group has-global-padding is-layout-constrained wp-block-group-is-layout-constrained\">\n<div class=\"wp-block-columns are-vertically-aligned-top is-layout-flex wp-container-core-columns-is-layout-d7d455e7 wp-block-columns-is-layout-flex\" style=\"padding-top:0;padding-right:0;padding-bottom:0;padding-left:0\">\n<div class=\"wp-block-column is-vertically-aligned-top is-layout-flow wp-block-column-is-layout-flow\" style=\"padding-right:7%;flex-basis:50%\">\n<p class=\"has-primary-color has-white-background-color has-text-color has-background has-medium-font-size\">Siempre estar\u00e9 encantada de responder cualquier solicitud, no dude en ponerse en contacto conmigo.<\/p>\n\n\n\n<p class=\"has-medium-font-size\"><br><\/p>\n\n\n\n<p class=\"has-primary-color has-white-background-color has-text-color has-background has-link-color has-small-font-size wp-elements-be0594dd07cae3620faf5595a12f9ede\">N\u00famero de tel\u00e9fono:<a href=\"https:\/\/whatsapp.com\/dl\/\" data-type=\"link\" data-id=\"https:\/\/whatsapp.com\/dl\/\">+34 600 974 821<\/a><\/p>\n\n\n\n<p class=\"has-primary-color has-white-background-color has-text-color has-background has-link-color has-small-font-size wp-elements-3f4d08c7ae1390650350f8bef2c0575e\">Direcci\u00f3n de correo electr\u00f3nico: <a href=\"mailto:info@celiaruiz.eu\">info@celiaruiz.eu<\/a><\/p>\n<\/div>\n\n\n\n<div class=\"wp-block-column is-vertically-aligned-top is-layout-flow wp-block-column-is-layout-flow\" style=\"flex-basis:50%\">\n<figure class=\"wp-block-image size-large\"><img loading=\"lazy\" decoding=\"async\" width=\"565\" height=\"1024\" src=\"https:\/\/celiaruiz.eu\/wp-content\/uploads\/2026\/01\/IMG_2819-565x1024.jpeg\" alt=\"\" class=\"wp-image-101\" srcset=\"https:\/\/celiaruiz.eu\/wp-content\/uploads\/2026\/01\/IMG_2819-565x1024.jpeg 565w, https:\/\/celiaruiz.eu\/wp-content\/uploads\/2026\/01\/IMG_2819-166x300.jpeg 166w, https:\/\/celiaruiz.eu\/wp-content\/uploads\/2026\/01\/IMG_2819.jpeg 1130w\" sizes=\"auto, (max-width: 565px) 100vw, 565px\" \/><\/figure>\n<\/div>\n<\/div>\n<\/div>\n\n\n\n<div class=\"wp-block-group has-global-padding is-layout-constrained wp-block-group-is-layout-constrained\">\n<div style=\"height:33px\" aria-hidden=\"true\" class=\"wp-block-spacer\"><\/div>\n\n\n\n<div class=\"wp-block-columns are-vertically-aligned-center is-layout-flex wp-container-core-columns-is-layout-4ed999c3 wp-block-columns-is-layout-flex\" style=\"padding-top:var(--wp--preset--spacing--60);padding-bottom:var(--wp--preset--spacing--60);padding-left:0\">\n<div class=\"wp-block-column is-vertically-aligned-center is-layout-flow wp-block-column-is-layout-flow\" style=\"flex-basis:33.33%\">\n<div class=\"wp-block-buttons is-content-justification-right is-layout-flex wp-container-core-buttons-is-layout-d445cf74 wp-block-buttons-is-layout-flex\"><\/div>\n<\/div>\n<\/div>\n\n\n\n<div style=\"height:45px\" aria-hidden=\"true\" class=\"wp-block-spacer\"><\/div>\n<\/div>\n\n\n\n<p><\/p>\n","protected":false},"excerpt":{"rendered":"<p>Siempre estar\u00e9 encantada de responder cualquier solicitud, no dude en ponerse en contacto conmigo. N\u00famero de tel\u00e9fono:+34 600 974 821 Direcci\u00f3n de correo electr\u00f3nico: info@celiaruiz.eu<\/p>\n","protected":false},"author":1,"featured_media":0,"parent":0,"menu_order":0,"comment_status":"closed","ping_status":"closed","template":"","meta":{"footnotes":""},"class_list":["post-19","page","type-page","status-publish","hentry"],"_links":{"self":[{"href":"https:\/\/celiaruiz.eu\/es\/wp-json\/wp\/v2\/pages\/19","targetHints":{"allow":["GET"]}}],"collection":[{"href":"https:\/\/celiaruiz.eu\/es\/wp-json\/wp\/v2\/pages"}],"about":[{"href":"https:\/\/celiaruiz.eu\/es\/wp-json\/wp\/v2\/types\/page"}],"author":[{"embeddable":true,"href":"https:\/\/celiaruiz.eu\/es\/wp-json\/wp\/v2\/users\/1"}],"replies":[{"embeddable":true,"href":"https:\/\/celiaruiz.eu\/es\/wp-json\/wp\/v2\/comments?post=19"}],"version-history":[{"count":16,"href":"https:\/\/celiaruiz.eu\/es\/wp-json\/wp\/v2\/pages\/19\/revisions"}],"predecessor-version":[{"id":278,"href":"https:\/\/celiaruiz.eu\/es\/wp-json\/wp\/v2\/pages\/19\/revisions\/278"}],"wp:attachment":[{"href":"https:\/\/celiaruiz.eu\/es\/wp-json\/wp\/v2\/media?parent=19"}],"curies":[{"name":"wp","href":"https:\/\/api.w.org\/{rel}","templated":true}]}}