{"id":3,"date":"2026-01-13T09:02:07","date_gmt":"2026-01-13T09:02:07","guid":{"rendered":"https:\/\/celiaruiz.eu\/?page_id=3"},"modified":"2026-02-03T21:48:00","modified_gmt":"2026-02-03T20:48:00","slug":"privacy-policy","status":"publish","type":"page","link":"https:\/\/celiaruiz.eu\/es\/privacy-policy\/","title":{"rendered":"Pol\u00edtica de privacidad"},"content":{"rendered":"\n<p><strong>Descargo de responsabilidad<\/strong><\/p>\n\n\n\n<p class=\"has-primary-color has-white-background-color has-text-color has-background has-link-color wp-elements-4c9261a6c6b49a099fee786e585bfe63\">El autor no asume ninguna responsabilidad con respecto a la exactitud, exactitud, actualidad, fiabilidad e integridad de la informaci\u00f3n.<\/p>\n\n\n\n<p class=\"has-primary-color has-white-background-color has-text-color has-background has-link-color wp-elements-ce24e9d07e2a2ba27ecdcbb566a719bd\">Por lo tanto, se rechazar\u00e1n las reclamaciones de responsabilidad por da\u00f1os causados \u200b\u200bpor el uso de cualquier informaci\u00f3n proporcionada, incluido cualquier tipo de informaci\u00f3n que sea incompleta o incorrecta.<\/p>\n\n\n\n<p class=\"has-primary-color has-white-background-color has-text-color has-background has-link-color wp-elements-66443476e4816b3131e1da8c8e3ce1e9\">Todas las ofertas no son vinculantes. Partes de las p\u00e1ginas o la publicaci\u00f3n completa, incluidas todas las ofertas e informaci\u00f3n, pueden ser ampliadas, modificadas o eliminadas total o parcialmente por el autor sin previo aviso.<\/p>\n\n\n\n<p><strong>Descargo de responsabilidad para enlaces<\/strong><\/p>\n\n\n\n<p class=\"has-primary-color has-white-background-color has-text-color has-background has-link-color wp-elements-7ceffed260d898da1cdb9cfd3f66fa01\">Las referencias y enlaces a sitios web de terceros est\u00e1n fuera de nuestra responsabilidad. Se rechaza cualquier responsabilidad sobre dichos sitios web. El acceso y uso de dichos sitios web es por cuenta y riesgo del respectivo usuario.<\/p>\n\n\n\n<p><strong>Derechos de autor<\/strong><\/p>\n\n\n\n<p class=\"has-primary-color has-white-background-color has-text-color has-background has-link-color wp-elements-f49105bd7484f7358a92bf669e9c7c54\">Los derechos de autor y todos los dem\u00e1s derechos sobre el contenido, im\u00e1genes, fotograf\u00edas u otros archivos de este sitio web pertenecen exclusivamente a Celia o a los titulares de derechos espec\u00edficamente nombrados. Para la reproducci\u00f3n de cualquier elemento, se debe obtener previamente el consentimiento por escrito del titular de los derechos de autor.<br>Fuente: Suiza Anwalt<\/p>\n\n\n\n<p class=\"has-primary-color has-white-background-color has-text-color has-background has-link-color wp-elements-cf002838296b3545ca729ed3b28889a4\"><\/p>\n\n\n\n<p><strong>Aviso general<\/strong><\/p>\n\n\n\n<p class=\"has-primary-color has-white-background-color has-text-color has-background has-link-color wp-elements-075405e6aa0fed182d6e08a734691652\">Seg\u00fan el art\u00edculo 13 de la Constituci\u00f3n Federal Suiza y las normas de protecci\u00f3n de datos de la Confederaci\u00f3n Suiza (Ley de Protecci\u00f3n de Datos, DSG), toda persona tiene derecho a la protecci\u00f3n de su privacidad, as\u00ed como a la protecci\u00f3n contra el uso indebido de sus datos personales. Los operadores de estas p\u00e1ginas se toman muy en serio la protecci\u00f3n de sus datos personales. Tratamos tus datos personales de forma confidencial y conforme a la normativa legal de protecci\u00f3n de datos as\u00ed como a esta pol\u00edtica de privacidad.<\/p>\n\n\n\n<p class=\"has-primary-color has-white-background-color has-text-color has-background has-link-color wp-elements-d6c247db6e461c3ff613e07307df4c90\">En colaboraci\u00f3n con nuestros proveedores de alojamiento, hacemos todo lo posible para proteger las bases de datos lo mejor posible contra el acceso no autorizado, la p\u00e9rdida, el uso indebido o la falsificaci\u00f3n.<\/p>\n\n\n\n<p class=\"has-primary-color has-white-background-color has-text-color has-background has-link-color wp-elements-4fef9da36498bcc66d204ae1096a1df0\">Nos gustar\u00eda se\u00f1alar que la transmisi\u00f3n de datos en Internet (p. ej. comunicaci\u00f3n por correo electr\u00f3nico) puede tener lagunas de seguridad. No es posible una protecci\u00f3n completa de los datos contra el acceso de terceros.<\/p>\n\n\n\n<p class=\"has-primary-color has-white-background-color has-text-color has-background has-link-color wp-elements-1ca8f1d68a5a9074f800c9e0970fdcdc\">Al utilizar este sitio web, usted acepta la recopilaci\u00f3n, el procesamiento y el uso de datos de acuerdo con la siguiente descripci\u00f3n. Este sitio web generalmente se puede visitar sin registrarse. Datos como las p\u00e1ginas visitadas o los nombres de los archivos accedidos, la fecha y la hora se almacenan en el servidor con fines estad\u00edsticos sin que estos datos est\u00e9n directamente relacionados con su persona. Los datos personales, en particular el nombre, la direcci\u00f3n o la direcci\u00f3n de correo electr\u00f3nico, se recogen, en la medida de lo posible, de forma voluntaria. No se ceder\u00e1n datos a terceros sin su consentimiento.<\/p>\n\n\n\n<p><strong>Tratamiento de datos personales<\/strong><\/p>\n\n\n\n<p class=\"has-primary-color has-white-background-color has-text-color has-background has-link-color wp-elements-3e7c426d363ad9ea263898dd34bff080\">Los datos personales son cualquier informaci\u00f3n que se relaciona con una persona espec\u00edfica o identificable. Un interesado es una persona sobre la cual se procesan datos personales. El procesamiento incluye cualquier manejo de datos personales, independientemente de los medios y procedimientos utilizados, en particular el almacenamiento, divulgaci\u00f3n, adquisici\u00f3n, eliminaci\u00f3n, almacenamiento, modificaci\u00f3n, destrucci\u00f3n y uso de datos personales.<\/p>\n\n\n\n<p class=\"has-primary-color has-white-background-color has-text-color has-background has-link-color wp-elements-e05dcf4e0c26193f2b27f1af237fed4b\">Procesamos datos personales de acuerdo con la ley de protecci\u00f3n de datos suiza. Adem\u00e1s, en la medida y en la medida en que sea aplicable el RGPD de la UE, procesamos datos personales de acuerdo con las siguientes bases legales en relaci\u00f3n con el art. 6 (1) RGPD:<\/p>\n\n\n\n<p class=\"has-primary-color has-white-background-color has-text-color has-background has-link-color wp-elements-16d84a49e78012b7044e70d1640c7046\">iluminado. a) Tratamiento de datos personales con el consentimiento del interesado.<br>iluminado. b) Tratamiento de datos personales para el cumplimiento de un contrato con el interesado as\u00ed como para la implementaci\u00f3n de las correspondientes medidas precontractuales.<br>iluminado. c) Tratamiento de datos personales para el cumplimiento de una obligaci\u00f3n legal a la que estemos sujetos en virtud de cualquier ley aplicable de la UE o de cualquier ley aplicable de un pa\u00eds en el que el RGPD sea aplicable total o parcialmente.<br>iluminado. d) Tratamiento de datos personales con el fin de proteger intereses vitales del interesado o de otra persona f\u00edsica.<br>iluminado. f) Procesamiento de datos personales para proteger nuestros intereses leg\u00edtimos o los de terceros, a menos que se anulen las libertades y derechos e intereses fundamentales del interesado. Los intereses leg\u00edtimos incluyen, en particular, nuestro inter\u00e9s comercial en poder ofrecer nuestro sitio web, la seguridad de la informaci\u00f3n, el cumplimiento de nuestros propios derechos legales y el cumplimiento de la legislaci\u00f3n suiza.<br>Procesamos datos personales durante el tiempo necesario para el fin o fines respectivos. En el caso de obligaciones de retenci\u00f3n a largo plazo debido a obligaciones legales y de otro tipo a las que estamos sujetos, restringimos el procesamiento en consecuencia.<\/p>\n\n\n\n<p class=\"has-primary-color has-white-background-color has-text-color has-background has-link-color wp-elements-cf002838296b3545ca729ed3b28889a4\"><\/p>\n\n\n\n<p><strong>Pol\u00edtica de privacidad de cookies<\/strong><\/p>\n\n\n\n<p class=\"has-primary-color has-white-background-color has-text-color has-background has-link-color wp-elements-c30afa7775beb6f4f95f91ad860918ca\">Este sitio web utiliza cookies. Se trata de peque\u00f1os archivos de texto que permiten almacenar informaci\u00f3n espec\u00edfica relacionada con el usuario en su dispositivo terminal mientras \u00e9ste utiliza el sitio web. Las cookies permiten, en particular, determinar la frecuencia de uso y el n\u00famero de usuarios de las p\u00e1ginas, analizar patrones de comportamiento en el uso de las p\u00e1ginas, pero tambi\u00e9n hacer que nuestra oferta sea m\u00e1s amigable para el cliente. Las cookies permanecen almacenadas m\u00e1s all\u00e1 del final de la sesi\u00f3n del navegador y pueden recuperarse cuando visita el sitio nuevamente. Si no desea que esto suceda, debe configurar su navegador de Internet para que se niegue a aceptar cookies.<\/p>\n\n\n\n<p class=\"has-primary-color has-white-background-color has-text-color has-background has-link-color wp-elements-c7b96af262824adfead050ad4c493801\">Se puede declarar una objeci\u00f3n general al uso de cookies utilizadas con fines de marketing en l\u00ednea para una gran cantidad de servicios, especialmente en el caso de seguimiento, a trav\u00e9s del sitio de EE. UU. http:\/\/www.aboutads.info\/choices\/ o el sitio de la UE http:\/\/www.youronlinechoices.com\/. Adem\u00e1s, el almacenamiento de cookies se puede lograr deshabilit\u00e1ndolas en la configuraci\u00f3n del navegador. Tenga en cuenta que en este caso no se podr\u00e1n utilizar todas las funciones de esta oferta en l\u00ednea.<\/p>\n\n\n\n<p><\/p>\n\n\n\n<p><\/p>\n","protected":false},"excerpt":{"rendered":"<p>Descargo de responsabilidad El autor no asume ninguna responsabilidad con respecto a la exactitud, exactitud, actualidad, fiabilidad e integridad de la informaci\u00f3n. Por lo tanto, se rechazar\u00e1n las reclamaciones de responsabilidad por da\u00f1os causados \u200b\u200bpor el uso de cualquier informaci\u00f3n proporcionada, incluido cualquier tipo de informaci\u00f3n que sea incompleta o incorrecta. Todas las ofertas no &hellip; <\/p>\n<p class=\"link-more\"><a href=\"https:\/\/celiaruiz.eu\/es\/privacy-policy\/\" class=\"more-link\">Leer m\u00e1s<span class=\"screen-reader-text\"> \u00abPol\u00edtica de privacidad\u00bb<\/span><\/a><\/p>\n","protected":false},"author":1,"featured_media":0,"parent":0,"menu_order":0,"comment_status":"closed","ping_status":"open","template":"","meta":{"footnotes":""},"class_list":["post-3","page","type-page","status-publish","hentry"],"_links":{"self":[{"href":"https:\/\/celiaruiz.eu\/es\/wp-json\/wp\/v2\/pages\/3","targetHints":{"allow":["GET"]}}],"collection":[{"href":"https:\/\/celiaruiz.eu\/es\/wp-json\/wp\/v2\/pages"}],"about":[{"href":"https:\/\/celiaruiz.eu\/es\/wp-json\/wp\/v2\/types\/page"}],"author":[{"embeddable":true,"href":"https:\/\/celiaruiz.eu\/es\/wp-json\/wp\/v2\/users\/1"}],"replies":[{"embeddable":true,"href":"https:\/\/celiaruiz.eu\/es\/wp-json\/wp\/v2\/comments?post=3"}],"version-history":[{"count":12,"href":"https:\/\/celiaruiz.eu\/es\/wp-json\/wp\/v2\/pages\/3\/revisions"}],"predecessor-version":[{"id":287,"href":"https:\/\/celiaruiz.eu\/es\/wp-json\/wp\/v2\/pages\/3\/revisions\/287"}],"wp:attachment":[{"href":"https:\/\/celiaruiz.eu\/es\/wp-json\/wp\/v2\/media?parent=3"}],"curies":[{"name":"wp","href":"https:\/\/api.w.org\/{rel}","templated":true}]}}