{"id":39,"date":"2026-01-13T14:02:33","date_gmt":"2026-01-13T13:02:33","guid":{"rendered":"https:\/\/celiaruiz.eu\/?page_id=39"},"modified":"2026-02-03T21:26:03","modified_gmt":"2026-02-03T20:26:03","slug":"about-me","status":"publish","type":"page","link":"https:\/\/celiaruiz.eu\/es\/about-me\/","title":{"rendered":"Acerca de m\u00ed"},"content":{"rendered":"\n<div class=\"wp-block-columns is-layout-flex wp-container-core-columns-is-layout-28f84493 wp-block-columns-is-layout-flex\">\n<div class=\"wp-block-column is-layout-flow wp-block-column-is-layout-flow\">\n<figure class=\"wp-block-image alignleft size-large is-resized\"><img loading=\"lazy\" decoding=\"async\" width=\"1024\" height=\"820\" src=\"https:\/\/celiaruiz.eu\/wp-content\/uploads\/2026\/01\/D80E97D5-6EFC-43A3-8B9C-47AA577220C9-5-1024x820.jpeg\" alt=\"\" class=\"wp-image-59\" style=\"aspect-ratio:1.2488352798519369;width:346px;height:auto\" srcset=\"https:\/\/celiaruiz.eu\/wp-content\/uploads\/2026\/01\/D80E97D5-6EFC-43A3-8B9C-47AA577220C9-5-1024x820.jpeg 1024w, https:\/\/celiaruiz.eu\/wp-content\/uploads\/2026\/01\/D80E97D5-6EFC-43A3-8B9C-47AA577220C9-5-300x240.jpeg 300w, https:\/\/celiaruiz.eu\/wp-content\/uploads\/2026\/01\/D80E97D5-6EFC-43A3-8B9C-47AA577220C9-5-2000x1602.jpeg 2000w\" sizes=\"auto, (max-width: 1024px) 100vw, 1024px\" \/><\/figure>\n<\/div>\n\n\n\n<div class=\"wp-block-column is-vertically-aligned-center is-layout-flow wp-block-column-is-layout-flow\">\n<p class=\"has-text-align-left has-primary-color has-white-background-color has-text-color has-background has-link-color wp-elements-50c6ccfbd10e30f8078483a8ffff0a3d\">Celia Ruiz naci\u00f3 en 2005 en Espa\u00f1a. Habiendo comenzado su carrera musical a una edad temprana, realiz\u00f3 sus estudios de licenciatura en Espa\u00f1a y luego se mud\u00f3 a Austria a los 16 a\u00f1os para realizarlos tambi\u00e9n en la universidad Mozarteum de Salzburgo. Actualmente realiza sus estudios de maestr\u00eda en performance en Z\u00fcrcher Hochschule der K\u00fcnste en Z\u00fcrich.<\/p>\n<\/div>\n<\/div>\n\n\n\n<div class=\"wp-block-cover alignfull\"><img loading=\"lazy\" decoding=\"async\" width=\"1024\" height=\"990\" class=\"wp-block-cover__image-background wp-image-51 size-large\" alt=\"\" src=\"https:\/\/celiaruiz.eu\/wp-content\/uploads\/2026\/01\/80C8A43C-A82D-4EE7-984C-AE72DC18089C-4-1024x990.jpeg\" style=\"object-position:31% 9%\" data-object-fit=\"cover\" data-object-position=\"31% 9%\" srcset=\"https:\/\/celiaruiz.eu\/wp-content\/uploads\/2026\/01\/80C8A43C-A82D-4EE7-984C-AE72DC18089C-4-1024x990.jpeg 1024w, https:\/\/celiaruiz.eu\/wp-content\/uploads\/2026\/01\/80C8A43C-A82D-4EE7-984C-AE72DC18089C-4-300x290.jpeg 300w, https:\/\/celiaruiz.eu\/wp-content\/uploads\/2026\/01\/80C8A43C-A82D-4EE7-984C-AE72DC18089C-4.jpeg 1674w\" sizes=\"auto, (max-width: 1024px) 100vw, 1024px\" \/><span aria-hidden=\"true\" class=\"wp-block-cover__background has-background-dim\"><\/span><div class=\"wp-block-cover__inner-container is-layout-flow wp-block-cover-is-layout-flow\">\n<p class=\"has-text-align-center has-large-font-size\">Celia Ruiz es una violonchelista espa\u00f1ola que actualmente trabaja como estudiante de maestr\u00eda en interpretaci\u00f3n de la Z\u00fcrcher Hochschule der K\u00fcnste e int\u00e9rprete de violonchelo.<\/p>\n\n\n\n<p class=\"has-text-align-center has-small-font-size\">Con el objetivo de transmitir las emociones capturadas en cada composici\u00f3n, uno de sus principales prop\u00f3sitos es comunicarse con las personas a trav\u00e9s de este hermoso arte, la m\u00fasica.<\/p>\n<\/div><\/div>\n\n\n\n<p class=\"has-x-large-font-size\">Actuaciones<\/p>\n\n\n\n<figure class=\"wp-block-embed is-type-video is-provider-youtube wp-block-embed-youtube wp-embed-aspect-16-9 wp-has-aspect-ratio\"><div class=\"wp-block-embed__wrapper\">\n<iframe loading=\"lazy\" title=\"Pezzo Caprichoso, Popper Competition 2025\" width=\"950\" height=\"534\" src=\"https:\/\/www.youtube.com\/embed\/Ma503ljnc6I?feature=oembed\" frameborder=\"0\" allow=\"accelerometer; autoplay; clipboard-write; encrypted-media; gyroscope; picture-in-picture; web-share\" referrerpolicy=\"strict-origin-when-cross-origin\" allowfullscreen><\/iframe>\n<\/div><\/figure>\n\n\n\n<p><\/p>\n\n\n\n<p><\/p>\n\n\n\n<p class=\"has-large-font-size\">Biograf\u00eda<\/p>\n\n\n\n<p class=\"has-primary-color has-white-background-color has-text-color has-background has-link-color wp-elements-749ce6252a3989a8eccfaba09b63d42b\">Celia Ruiz Bermudo naci\u00f3 en Espa\u00f1a en 2005. A los siete a\u00f1os inici\u00f3 sus estudios musicales en el Conservatorio de M\u00e9rida y finaliz\u00f3 sus estudios profesionales de violonchelo con premio de honor en 2018.<\/p>\n\n\n\n<p class=\"has-primary-color has-white-background-color has-text-color has-background has-link-color wp-elements-c6bf5e14d491576b3fbe8c99ea0af9af\">Ingres\u00f3 en el Conservatorio Superior de Badajoz a los 13 a\u00f1os y finaliz\u00f3 estos estudios con matr\u00edcula de honor en 2022. Termin\u00f3 sus estudios de Licenciatura en la Universidad Mozarteum de Salzburgo con Enrico Bronzi en 2024 y actualmente estudia un M\u00e1ster en Interpretaci\u00f3n Musical en ZHdK en la clase de Thomas Grossenbacher.<\/p>\n\n\n\n<p class=\"has-primary-color has-white-background-color has-text-color has-background has-link-color wp-elements-9507589e9b61d28b206e9109c720da99\">Celia ha recibido clases magistrales de \u00c1lvaro Campos, Josep Mart\u00ednez Reinoso, Javier Albar\u00e9s, Suzana Stefanovic, Lluis Claret, Daniel Grosgurin, Asier Polo, Marc Coppey, Fernando Arias, Beatriz Blanco, Ericca Wise, Gary Hoffman, Sebastian Klinger, Amit Peled, Gautier Capu\u00e7on, Jerome Pernoo, Pablo Ferr\u00e1ndez, Wen Sing Yan, Kian Soltani, Thomas Grossenbacher, Ivan Monighetti, Enrico Dindo, Frans Helmerson, Jeroen Reuling y David Geringas. Durante cinco a\u00f1os recibi\u00f3 regularmente clases magistrales de Mar\u00eda de Macedo, y los dos a\u00f1os siguientes de Mikolaj Konopelski (profesor asociado del Colegio Reina Sof\u00eda). Celia tambi\u00e9n es becaria de la Academia de M\u00fasica de Liechtenstein y participa en las semanas intensivas y actividades all\u00ed.<\/p>\n\n\n\n<p class=\"has-primary-color has-white-background-color has-text-color has-background has-link-color wp-elements-36288aa0aa5717b7732b2e2711fe49cd\">Celia ha sido ganadora del \u201cConcurso Internacional de Violonchelo J\u00f3venes Promesas Jaime Dobato Benavente\u201d, del \u201cConcurso Intercentros Mel\u00f3mano\u201d, del \u201cConcurso de Violonchelo Le\u00f3n\u201d, y del \u201cConcurso de J\u00f3venes M\u00fasicos de Extremadura\u201d, as\u00ed como del Premio Especial Solista con la OEX, del \u201cConcurso de Cuerdas Ciudad de Vigo\u201d, del \u201cConcurso Internacional de Violonchelo de Llanes\u201d, del Festival \u00c1ccesit Galimusic de la Ribeira Sacra y del \u201cConcurso Villa de Molina\u201d. Gan\u00f3 el premio especial como Joven Promesa en el &#8220;Concurso Dotzauer&#8221; a la edad de 14 a\u00f1os y fue finalista en el &#8220;Concurso Janigro&#8221; a la misma edad. Gan\u00f3 el tercer premio en el Concurso Internacional de Popper 2025.<\/p>\n\n\n\n<p class=\"has-primary-color has-white-background-color has-text-color has-background has-link-color wp-elements-3eaf404a9019ebdd7e67f60b05daa6d7\">Celia debut\u00f3 orquestal a los 14 a\u00f1os actuando en el Palacio de Congresos de M\u00e9rida y en el Teatro Carolina Coronado de Almendralejo con la orquesta de Extremadura, interpretando el Concierto para violonchelo n\u00ba 1 en La menor de Saint-Sa\u00ebns. Ha actuado en el Teatro Romano de M\u00e9rida con la Joven Orquesta de Extremadura, en el Festival de Segovia y como finalista en Zagreb (Croacia).<\/p>\n\n\n\n<p class=\"has-primary-color has-white-background-color has-text-color has-background has-link-color wp-elements-3a864a5372d41f03de1d131b7cabdcf8\">Particip\u00f3 en los programas de TVE Virtuosos y Prodigios y fue seleccionada a los 14 a\u00f1os para presentarse al examen en la promoci\u00f3n de excelencia de Gautier Capu\u00e7on, fue becada por Amit Peled en 2020 para realizar estudios de verano en la Universidad de Baltimore as\u00ed como una beca para realizar los cursos &#8220;Youth Classics&#8221; (2022, 2023 y 2025) en Rheinau (Suiza) en la escuela de Thomas Grossenbacher. clase. Tambi\u00e9n fue seleccionada como estudiante activa para participar en la Pavia Cello Academy (2023\/24) con Enrico Dindo, Asier Polo, Jens Peter Maintz y David Geringas.<\/p>\n\n\n\n<p class=\"has-primary-color has-white-background-color has-text-color has-background has-link-color wp-elements-fc0f10c80efc0ed133c6683553aa7327\">Celia es becaria de Lyra, Elsy Meyer, Geer und Lore, Bruno, ZHdK, Zangger Weber, Giuliana y Stefanini, Caja Almendralejo y de la Fundaci\u00f3n CH. Toca un violonchelo de Ragnar Hayn.<\/p>\n\n\n\n<p><\/p>\n","protected":false},"excerpt":{"rendered":"<p>Celia Ruiz naci\u00f3 en 2005 en Espa\u00f1a. Habiendo comenzado su carrera musical a una edad temprana, realiz\u00f3 sus estudios de licenciatura en Espa\u00f1a y luego se mud\u00f3 a Austria a los 16 a\u00f1os para realizarlos tambi\u00e9n en la universidad Mozarteum de Salzburgo. Actualmente realiza sus estudios de maestr\u00eda en performance en Z\u00fcrcher Hochschule der K\u00fcnste &hellip; <\/p>\n<p class=\"link-more\"><a href=\"https:\/\/celiaruiz.eu\/es\/about-me\/\" class=\"more-link\">Leer m\u00e1s<span class=\"screen-reader-text\"> \u00abAcerca de m\u00ed\u00bb<\/span><\/a><\/p>\n","protected":false},"author":1,"featured_media":0,"parent":0,"menu_order":0,"comment_status":"closed","ping_status":"closed","template":"","meta":{"footnotes":""},"class_list":["post-39","page","type-page","status-publish","hentry"],"_links":{"self":[{"href":"https:\/\/celiaruiz.eu\/es\/wp-json\/wp\/v2\/pages\/39","targetHints":{"allow":["GET"]}}],"collection":[{"href":"https:\/\/celiaruiz.eu\/es\/wp-json\/wp\/v2\/pages"}],"about":[{"href":"https:\/\/celiaruiz.eu\/es\/wp-json\/wp\/v2\/types\/page"}],"author":[{"embeddable":true,"href":"https:\/\/celiaruiz.eu\/es\/wp-json\/wp\/v2\/users\/1"}],"replies":[{"embeddable":true,"href":"https:\/\/celiaruiz.eu\/es\/wp-json\/wp\/v2\/comments?post=39"}],"version-history":[{"count":37,"href":"https:\/\/celiaruiz.eu\/es\/wp-json\/wp\/v2\/pages\/39\/revisions"}],"predecessor-version":[{"id":276,"href":"https:\/\/celiaruiz.eu\/es\/wp-json\/wp\/v2\/pages\/39\/revisions\/276"}],"wp:attachment":[{"href":"https:\/\/celiaruiz.eu\/es\/wp-json\/wp\/v2\/media?parent=39"}],"curies":[{"name":"wp","href":"https:\/\/api.w.org\/{rel}","templated":true}]}}